{"id":242253,"date":"2024-11-29T12:38:44","date_gmt":"2024-11-29T11:38:44","guid":{"rendered":"https:\/\/www.floristeriaformentera.com\/cookie-preference\/"},"modified":"2025-01-14T10:30:56","modified_gmt":"2025-01-14T09:30:56","slug":"cookie-preference","status":"publish","type":"page","link":"https:\/\/www.floristeriaformentera.com\/en\/cookie-preference\/","title":{"rendered":"Cookie Preference"},"content":{"rendered":"\n[et_pb_section fb_built=&#8221;1&#8243; _builder_version=&#8221;4.27.4&#8243; _module_preset=&#8221;default&#8221; global_colors_info=&#8221;{}&#8221;][et_pb_row _builder_version=&#8221;4.27.4&#8243; _module_preset=&#8221;default&#8221; global_colors_info=&#8221;{}&#8221;][et_pb_column type=&#8221;4_4&#8243; _builder_version=&#8221;4.27.4&#8243; _module_preset=&#8221;default&#8221; global_colors_info=&#8221;{}&#8221;][et_pb_text admin_label=&#8221;Title&#8221; _builder_version=&#8221;4.27.4&#8243; text_font=&#8221;||||||||&#8221; header_font=&#8221;||||||||&#8221; header_2_font=&#8221;Alice||||||||&#8221; header_2_text_align=&#8221;center&#8221; header_2_font_size=&#8221;42px&#8221; header_2_line_height=&#8221;1.3em&#8221; custom_margin=&#8221;||20px|&#8221; animation_style=&#8221;slide&#8221; animation_direction=&#8221;top&#8221; animation_intensity_slide=&#8221;30%&#8221; animation_starting_opacity=&#8221;100%&#8221; hover_enabled=&#8221;0&#8243; global_colors_info=&#8221;{}&#8221; sticky_enabled=&#8221;0&#8243;]<h2>Cookie Preferences<\/h2>[\/et_pb_text][et_pb_divider color=&#8221;#2a2a2a&#8221; divider_weight=&#8221;3px&#8221; _builder_version=&#8221;4.16&#8243; max_width=&#8221;50px&#8221; module_alignment=&#8221;center&#8221; custom_margin=&#8221;||10px|&#8221; animation_style=&#8221;slide&#8221; animation_direction=&#8221;top&#8221; animation_intensity_slide=&#8221;30%&#8221; animation_starting_opacity=&#8221;100%&#8221; global_colors_info=&#8221;{}&#8221;][\/et_pb_divider][et_pb_text _builder_version=&#8221;4.27.4&#8243; _module_preset=&#8221;default&#8221; hover_enabled=&#8221;0&#8243; global_colors_info=&#8221;{}&#8221; sticky_enabled=&#8221;0&#8243;]<p><span>\n<div>\n      <div id=\"custom-cookies-eu-label\">\n          El sitio Web https:\/\/www.floristeriaformentera.com utiliza cookies propias y de terceros para su correcto funcionamiento y para fines anal\u00edticos. Al hacer clic en el bot\u00f3n Aceptar, acepta el uso de estas tecnolog\u00edas y el procesamiento de sus datos para estos prop\u00f3sitos.          \n\n      <\/div>\n\n      <div id=\"custom-cookies-eu-buttons\" class=\"cookies-eu-buttons\">\n        <button id=\"custom-cookies-eu-reject\" class=\"cookies-eu-reject\">Rechazar<\/button>\n        <button id=\"custom-cookies-eu-accept\" class=\"cookies-eu-accept\">ACEPTAR TODAS LAS COOKIES<\/button><\/div>\n      <\/div>\n\n<br\/>\n<p>\n\tPuedes cambiar tus preferencias de cookies en cualquier momento si vuelves a la p\u00e1gina de Personalizar cookies, a la que puedes acceder a trav\u00e9s del Aviso de cookies. \n<\/p>\n\n<h3>Cookies t\u00e9cnicas<\/h3>\n<p>\n\tSon aquellas que permiten a los usuarios registrados navegar a trav\u00e9s del sitio Web, del \u00e1rea restringida y a utilizar sus diferentes funciones, como por ejemplo, el sistema de comentarios o el buscador y no pueden ser desactivadas.\n<\/p>\n\n<div class=\"custom-cookies-option\">\n  <h3>Cookies de an\u00e1lisis o medici\u00f3n<\/h3>\n  <span>\n    <input type=\"radio\" name=\"cookies-analytics-option\" value=\"true\" class=\"custom-cookies-radio\" data-consent=\"ANLTCS\" id=\"custom-cookies-accept-analytics\" >\n    <label for=\"custom-cookies-accept-analytics\">Activar<\/label>\n    &nbsp;&nbsp;\n    <input type=\"radio\" name=\"cookies-analytics-option\" value=\"false\" class=\"custom-cookies-radio\" data-consent=\"ANLTCS\" id=\"custom-cookies-reject-analytics\" \n    checked>\n    <label for=\"custom-cookies-reject-analytics\">Desactivar<\/label>\n<\/span>\n<\/div>\n\n<p>\n\tSon aquellas que, bien tratadas por el sitio Web o por terceros, permiten cuantificar el n\u00famero de usuarios y as\u00ed realizar la medici\u00f3n y an\u00e1lisis estad\u00edstico de la utilizaci\u00f3n que hacen los usuarios del sitio Web. Para ello se analiza la navegaci\u00f3n que realizas en este sitio Web con el fin de mejorarlo.\n<\/p>\n\n<div class=\"custom-cookies-option\">\n  <h3>Cookies sociales<\/h3>\n  <span>\n    <input type=\"radio\" name=\"cookies-social-option\" value=\"true\" class=\"custom-cookies-radio\" data-consent=\"SCLS\" id=\"custom-cookies-accept-social\" \n    >\n    <label for=\"custom-cookies-accept-social\">Activar<\/label>\n    &nbsp;&nbsp;\n    <input type=\"radio\" name=\"cookies-social-option\" value=\"false\" class=\"custom-cookies-radio\" data-consent=\"SCLS\" id=\"custom-cookies-reject-social\" \n    checked>\n    <label for=\"custom-cookies-reject-social\">Desactivar<\/label>\n<\/span>\n<\/div>\n\n<p>\n  Son establecidas por las plataformas de redes sociales para permitir a los usuarios compartir contenido con sus amigos y redes.  \n<\/p>\n\n<\/span><\/p>[\/et_pb_text][\/et_pb_column][\/et_pb_row][\/et_pb_section]\n","protected":false},"excerpt":{"rendered":"<p>Cookie Preferences\n<div>\n      <div id=\"custom-cookies-eu-label\">\n          El sitio Web https:\/\/www.floristeriaformentera.com utiliza cookies propias y de terceros para su correcto funcionamiento y para fines anal\u00edticos. Al hacer clic en el bot\u00f3n Aceptar, acepta el uso de estas tecnolog\u00edas y el procesamiento de sus datos para estos prop\u00f3sitos.          \n\n      <\/div>\n\n      <div id=\"custom-cookies-eu-buttons\" class=\"cookies-eu-buttons\">\n        <button id=\"custom-cookies-eu-reject\" class=\"cookies-eu-reject\">Rechazar<\/button>\n        <button id=\"custom-cookies-eu-accept\" class=\"cookies-eu-accept\">ACEPTAR TODAS LAS COOKIES<\/button><\/div>\n      <\/div>\n\n<br\/>\n<p>\n\tPuedes cambiar tus preferencias de cookies en cualquier momento si vuelves a la p\u00e1gina de Personalizar cookies, a la que puedes acceder a trav\u00e9s del Aviso de cookies. \n<\/p>\n\n<h3>Cookies t\u00e9cnicas<\/h3>\n<p>\n\tSon aquellas que permiten a los usuarios registrados navegar a trav\u00e9s del sitio Web, del \u00e1rea restringida y a utilizar sus diferentes funciones, como por ejemplo, el sistema de comentarios o el buscador y no pueden ser desactivadas.\n<\/p>\n\n<div class=\"custom-cookies-option\">\n  <h3>Cookies de an\u00e1lisis o medici\u00f3n<\/h3>\n  <span>\n    <input type=\"radio\" name=\"cookies-analytics-option\" value=\"true\" class=\"custom-cookies-radio\" data-consent=\"ANLTCS\" id=\"custom-cookies-accept-analytics\" >\n    <label for=\"custom-cookies-accept-analytics\">Activar<\/label>\n    &nbsp;&nbsp;\n    <input type=\"radio\" name=\"cookies-analytics-option\" value=\"false\" class=\"custom-cookies-radio\" data-consent=\"ANLTCS\" id=\"custom-cookies-reject-analytics\" \n    checked>\n    <label for=\"custom-cookies-reject-analytics\">Desactivar<\/label>\n<\/span>\n<\/div>\n\n<p>\n\tSon aquellas que, bien tratadas por el sitio Web o por terceros, permiten cuantificar el n\u00famero de usuarios y as\u00ed realizar la medici\u00f3n y an\u00e1lisis estad\u00edstico de la utilizaci\u00f3n que hacen los usuarios del sitio Web. Para ello se analiza la navegaci\u00f3n que realizas en este sitio Web con el fin de mejorarlo.\n<\/p>\n\n<div class=\"custom-cookies-option\">\n  <h3>Cookies sociales<\/h3>\n  <span>\n    <input type=\"radio\" name=\"cookies-social-option\" value=\"true\" class=\"custom-cookies-radio\" data-consent=\"SCLS\" id=\"custom-cookies-accept-social\" \n    >\n    <label for=\"custom-cookies-accept-social\">Activar<\/label>\n    &nbsp;&nbsp;\n    <input type=\"radio\" name=\"cookies-social-option\" value=\"false\" class=\"custom-cookies-radio\" data-consent=\"SCLS\" id=\"custom-cookies-reject-social\" \n    checked>\n    <label for=\"custom-cookies-reject-social\">Desactivar<\/label>\n<\/span>\n<\/div>\n\n<p>\n  Son establecidas por las plataformas de redes sociales para permitir a los usuarios compartir contenido con sus amigos y redes.  \n<\/p>\n\n<\/p>\n","protected":false},"author":1,"featured_media":0,"parent":0,"menu_order":0,"comment_status":"closed","ping_status":"closed","template":"","meta":{"_et_pb_use_builder":"on","_et_pb_old_content":"","_et_gb_content_width":"","footnotes":""},"difl_page_category":[],"class_list":["post-242253","page","type-page","status-publish","hentry"],"yoast_head":"<!-- This site is optimized with the Yoast SEO plugin v25.9 - https:\/\/yoast.com\/wordpress\/plugins\/seo\/ -->\n<title>Cookie Preference - Atelier de Kentia<\/title>\n<meta name=\"robots\" content=\"index, follow, max-snippet:-1, max-image-preview:large, max-video-preview:-1\" \/>\n<link rel=\"canonical\" href=\"https:\/\/www.floristeriaformentera.com\/en\/cookie-preference\/\" \/>\n<meta property=\"og:locale\" content=\"en_US\" \/>\n<meta property=\"og:type\" content=\"article\" \/>\n<meta property=\"og:title\" content=\"Cookie Preference - Atelier de Kentia\" \/>\n<meta property=\"og:description\" content=\"Cookie Preferences\" \/>\n<meta property=\"og:url\" content=\"https:\/\/www.floristeriaformentera.com\/en\/cookie-preference\/\" \/>\n<meta property=\"og:site_name\" content=\"- Atelier de Kentia\" \/>\n<meta property=\"article:modified_time\" content=\"2025-01-14T09:30:56+00:00\" \/>\n<meta name=\"twitter:card\" content=\"summary_large_image\" \/>\n<meta name=\"twitter:label1\" content=\"Est. reading time\" \/>\n\t<meta name=\"twitter:data1\" content=\"1 minute\" \/>\n<script type=\"application\/ld+json\" class=\"yoast-schema-graph\">{\"@context\":\"https:\/\/schema.org\",\"@graph\":[{\"@type\":\"WebPage\",\"@id\":\"https:\/\/www.floristeriaformentera.com\/en\/cookie-preference\/\",\"url\":\"https:\/\/www.floristeriaformentera.com\/en\/cookie-preference\/\",\"name\":\"Cookie Preference - Atelier de Kentia\",\"isPartOf\":{\"@id\":\"https:\/\/www.floristeriaformentera.com\/en\/#website\"},\"datePublished\":\"2024-11-29T11:38:44+00:00\",\"dateModified\":\"2025-01-14T09:30:56+00:00\",\"breadcrumb\":{\"@id\":\"https:\/\/www.floristeriaformentera.com\/en\/cookie-preference\/#breadcrumb\"},\"inLanguage\":\"en-US\",\"potentialAction\":[{\"@type\":\"ReadAction\",\"target\":[\"https:\/\/www.floristeriaformentera.com\/en\/cookie-preference\/\"]}]},{\"@type\":\"BreadcrumbList\",\"@id\":\"https:\/\/www.floristeriaformentera.com\/en\/cookie-preference\/#breadcrumb\",\"itemListElement\":[{\"@type\":\"ListItem\",\"position\":1,\"name\":\"Portada\",\"item\":\"https:\/\/www.floristeriaformentera.com\/en\/\"},{\"@type\":\"ListItem\",\"position\":2,\"name\":\"Cookie Preference\"}]},{\"@type\":\"WebSite\",\"@id\":\"https:\/\/www.floristeriaformentera.com\/en\/#website\",\"url\":\"https:\/\/www.floristeriaformentera.com\/en\/\",\"name\":\"Floristeria Formentera Flower Shop - Atelier de Kentia\",\"description\":\"Floristeria Formentera Atelier de Kentia. Ramos  hechos con flores frescas y \u00fanicas para cada ocasi\u00f3n\",\"publisher\":{\"@id\":\"https:\/\/www.floristeriaformentera.com\/en\/#organization\"},\"potentialAction\":[{\"@type\":\"SearchAction\",\"target\":{\"@type\":\"EntryPoint\",\"urlTemplate\":\"https:\/\/www.floristeriaformentera.com\/en\/?s={search_term_string}\"},\"query-input\":{\"@type\":\"PropertyValueSpecification\",\"valueRequired\":true,\"valueName\":\"search_term_string\"}}],\"inLanguage\":\"en-US\"},{\"@type\":\"Organization\",\"@id\":\"https:\/\/www.floristeriaformentera.com\/en\/#organization\",\"name\":\"Atelier de Kentia\",\"url\":\"https:\/\/www.floristeriaformentera.com\/en\/\",\"logo\":{\"@type\":\"ImageObject\",\"inLanguage\":\"en-US\",\"@id\":\"https:\/\/www.floristeriaformentera.com\/en\/#\/schema\/logo\/image\/\",\"url\":\"https:\/\/www.tramitigestio.es\/kentia\/wp-content\/uploads\/2024\/12\/FLORISTERIA_FORMENTERA_ATELIER_DE_KENTIA_BN.jpg\",\"contentUrl\":\"https:\/\/www.tramitigestio.es\/kentia\/wp-content\/uploads\/2024\/12\/FLORISTERIA_FORMENTERA_ATELIER_DE_KENTIA_BN.jpg\",\"width\":916,\"height\":282,\"caption\":\"Atelier de Kentia\"},\"image\":{\"@id\":\"https:\/\/www.floristeriaformentera.com\/en\/#\/schema\/logo\/image\/\"},\"sameAs\":[\"https:\/\/www.instagram.com\/atelierdekentiaformentera\/\"]}]}<\/script>\n<!-- \/ Yoast SEO plugin. -->","yoast_head_json":{"title":"Cookie Preference - Atelier de Kentia","robots":{"index":"index","follow":"follow","max-snippet":"max-snippet:-1","max-image-preview":"max-image-preview:large","max-video-preview":"max-video-preview:-1"},"canonical":"https:\/\/www.floristeriaformentera.com\/en\/cookie-preference\/","og_locale":"en_US","og_type":"article","og_title":"Cookie Preference - Atelier de Kentia","og_description":"Cookie Preferences","og_url":"https:\/\/www.floristeriaformentera.com\/en\/cookie-preference\/","og_site_name":"- Atelier de Kentia","article_modified_time":"2025-01-14T09:30:56+00:00","twitter_card":"summary_large_image","twitter_misc":{"Est. reading time":"1 minute"},"schema":{"@context":"https:\/\/schema.org","@graph":[{"@type":"WebPage","@id":"https:\/\/www.floristeriaformentera.com\/en\/cookie-preference\/","url":"https:\/\/www.floristeriaformentera.com\/en\/cookie-preference\/","name":"Cookie Preference - Atelier de Kentia","isPartOf":{"@id":"https:\/\/www.floristeriaformentera.com\/en\/#website"},"datePublished":"2024-11-29T11:38:44+00:00","dateModified":"2025-01-14T09:30:56+00:00","breadcrumb":{"@id":"https:\/\/www.floristeriaformentera.com\/en\/cookie-preference\/#breadcrumb"},"inLanguage":"en-US","potentialAction":[{"@type":"ReadAction","target":["https:\/\/www.floristeriaformentera.com\/en\/cookie-preference\/"]}]},{"@type":"BreadcrumbList","@id":"https:\/\/www.floristeriaformentera.com\/en\/cookie-preference\/#breadcrumb","itemListElement":[{"@type":"ListItem","position":1,"name":"Portada","item":"https:\/\/www.floristeriaformentera.com\/en\/"},{"@type":"ListItem","position":2,"name":"Cookie Preference"}]},{"@type":"WebSite","@id":"https:\/\/www.floristeriaformentera.com\/en\/#website","url":"https:\/\/www.floristeriaformentera.com\/en\/","name":"Floristeria Formentera Flower Shop - Atelier de Kentia","description":"Floristeria Formentera Atelier de Kentia. Ramos  hechos con flores frescas y \u00fanicas para cada ocasi\u00f3n","publisher":{"@id":"https:\/\/www.floristeriaformentera.com\/en\/#organization"},"potentialAction":[{"@type":"SearchAction","target":{"@type":"EntryPoint","urlTemplate":"https:\/\/www.floristeriaformentera.com\/en\/?s={search_term_string}"},"query-input":{"@type":"PropertyValueSpecification","valueRequired":true,"valueName":"search_term_string"}}],"inLanguage":"en-US"},{"@type":"Organization","@id":"https:\/\/www.floristeriaformentera.com\/en\/#organization","name":"Atelier de Kentia","url":"https:\/\/www.floristeriaformentera.com\/en\/","logo":{"@type":"ImageObject","inLanguage":"en-US","@id":"https:\/\/www.floristeriaformentera.com\/en\/#\/schema\/logo\/image\/","url":"https:\/\/www.tramitigestio.es\/kentia\/wp-content\/uploads\/2024\/12\/FLORISTERIA_FORMENTERA_ATELIER_DE_KENTIA_BN.jpg","contentUrl":"https:\/\/www.tramitigestio.es\/kentia\/wp-content\/uploads\/2024\/12\/FLORISTERIA_FORMENTERA_ATELIER_DE_KENTIA_BN.jpg","width":916,"height":282,"caption":"Atelier de Kentia"},"image":{"@id":"https:\/\/www.floristeriaformentera.com\/en\/#\/schema\/logo\/image\/"},"sameAs":["https:\/\/www.instagram.com\/atelierdekentiaformentera\/"]}]}},"_links":{"self":[{"href":"https:\/\/www.floristeriaformentera.com\/en\/wp-json\/wp\/v2\/pages\/242253","targetHints":{"allow":["GET"]}}],"collection":[{"href":"https:\/\/www.floristeriaformentera.com\/en\/wp-json\/wp\/v2\/pages"}],"about":[{"href":"https:\/\/www.floristeriaformentera.com\/en\/wp-json\/wp\/v2\/types\/page"}],"author":[{"embeddable":true,"href":"https:\/\/www.floristeriaformentera.com\/en\/wp-json\/wp\/v2\/users\/1"}],"replies":[{"embeddable":true,"href":"https:\/\/www.floristeriaformentera.com\/en\/wp-json\/wp\/v2\/comments?post=242253"}],"version-history":[{"count":1,"href":"https:\/\/www.floristeriaformentera.com\/en\/wp-json\/wp\/v2\/pages\/242253\/revisions"}],"predecessor-version":[{"id":242256,"href":"https:\/\/www.floristeriaformentera.com\/en\/wp-json\/wp\/v2\/pages\/242253\/revisions\/242256"}],"wp:attachment":[{"href":"https:\/\/www.floristeriaformentera.com\/en\/wp-json\/wp\/v2\/media?parent=242253"}],"wp:term":[{"taxonomy":"difl_page_category","embeddable":true,"href":"https:\/\/www.floristeriaformentera.com\/en\/wp-json\/wp\/v2\/difl_page_category?post=242253"}],"curies":[{"name":"wp","href":"https:\/\/api.w.org\/{rel}","templated":true}]}}